
{"id":3,"date":"2025-05-06T12:56:51","date_gmt":"2025-05-06T12:56:51","guid":{"rendered":"https:\/\/shop.hooshamerica.com.pa\/?page_id=3"},"modified":"2025-11-11T11:09:07","modified_gmt":"2025-11-11T16:09:07","slug":"privacy-policy","status":"publish","type":"page","link":"https:\/\/shop.hooshamerica.com.pa\/en\/privacy-policy\/","title":{"rendered":"pol\u00edtica de privacidad"},"content":{"rendered":"<div class=\"wp-block-stackable-heading stk-block-heading stk-block-heading--v2 stk-block stk-fd4ef99\" id=\"strong-strong-politica-de-privacidad-hoosh-panama-strong-strong\" data-block-id=\"fd4ef99\"><style>.stk-fd4ef99 .stk-block-heading__text{font-size:50px !important;font-weight:900 !important;text-transform:uppercase !important;font-family:\"Space Grotesk\", Sans-serif !important;}@media screen and (max-width:999px){.stk-fd4ef99 .stk-block-heading__text{font-size:50px !important;}}<\/style><h2 class=\"stk-block-heading__text has-text-align-left\"><strong><strong>Pol\u00edtica de privacidad \u2013 Hoosh Panam\u00e1<\/strong><\/strong><\/h2><\/div>\n\n\n\n<p data-block-type=\"core\">En Hoosh America Panam\u00e1, nos comprometemos a proteger su privacidad. Esta pol\u00edtica explica qu\u00e9 datos personales recopilamos, c\u00f3mo los utilizamos y sus derechos al usar nuestro sitio web: <a class=\"\" href=\"https:\/\/shop.hooshamerica.com.pa\/en\/\">https:\/\/shop.hooshamerica.com.pa<\/a>.<\/p>\n\n\n\n<h2 class=\"wp-block-heading\"><strong>1. <\/strong>Quienes somos<\/h2>\n\n\n\n<p data-block-type=\"core\">Somos Hoosh Am\u00e9rica Panam\u00e1, y nuestra tienda en l\u00ednea se encuentra en: <a class=\"\" href=\"https:\/\/shop.hooshamerica.com.pa\/en\/\">https:\/\/shop.hooshamerica.com.pa<\/a><\/p>\n\n\n\n<h2 class=\"wp-block-heading\"><strong>2. Comentari<\/strong>os<\/h2>\n\n\n\n<p data-block-type=\"core\">Cuando los visitantes dejan comentarios en el sitio:<\/p>\n\n\n\n<ul class=\"wp-block-list\" data-block-type=\"core\">\n<li data-block-type=\"core\">Recopilamos los datos que se muestran en el formulario de comentarios, as\u00ed como la direcci\u00f3n IP del visitante y el agente de usuario del navegador para ayudar con la detecci\u00f3n de spam.<\/li>\n\n\n\n<li data-block-type=\"core\">Es posible que se proporcione al servicio Gravatar una cadena an\u00f3nima (hash) generada a partir de tu direcci\u00f3n de correo electr\u00f3nico para comprobar si la est\u00e1s utilizando. Puedes consultar la pol\u00edtica de privacidad de Gravatar aqu\u00ed: <a class=\"\" href=\"https:\/\/automattic.com\/privacy\/\" target=\"_blank\" rel=\"noopener\">https:\/\/automattic.com\/privacy\/<\/a><\/li>\n\n\n\n<li data-block-type=\"core\">Una vez que se aprueba tu comentario, tu foto de perfil (si est\u00e1 disponible) se vuelve visible para el p\u00fablico junto con tu comentario.<\/li>\n<\/ul>\n\n\n\n<h2 class=\"wp-block-heading\"><strong>3. Media<\/strong><\/h2>\n\n\n\n<p data-block-type=\"core\">Si subes im\u00e1genes al sitio web, evita subir im\u00e1genes con datos de ubicaci\u00f3n incrustados (GPS EXIF).<br>Los visitantes del sitio web pueden descargar y extraer datos de ubicaci\u00f3n de cualquier imagen.<\/p>\n\n\n\n<h2 class=\"wp-block-heading\"><strong>4. Cookies<\/strong><\/h2>\n\n\n\n<ul class=\"wp-block-list\" data-block-type=\"core\">\n<li data-block-type=\"core\">Si dejas un comentario, puedes optar por guardar tu nombre, direcci\u00f3n de correo electr\u00f3nico y sitio web en cookies. Estas son para tu comodidad y duran un a\u00f1o.<\/li>\n\n\n\n<li data-block-type=\"core\">Si visita nuestra p\u00e1gina de inicio de sesi\u00f3n, se instalar\u00e1 una cookie temporal para determinar si su navegador acepta cookies. Esta cookie no contiene datos personales y se elimina al cerrar el navegador.<\/li>\n\n\n\n<li data-block-type=\"core\">Al iniciar sesi\u00f3n:\n<ul class=\"wp-block-list\" data-block-type=\"core\">\n<li data-block-type=\"core\">Se establecer\u00e1n varias cookies para guardar su informaci\u00f3n de inicio de sesi\u00f3n y sus preferencias de pantalla.<\/li>\n\n\n\n<li data-block-type=\"core\">Las cookies de inicio de sesi\u00f3n duran dos d\u00edas. Si selecciona \u00abRecordarme\u00bb, su inicio de sesi\u00f3n se conservar\u00e1 durante dos semanas.<\/li>\n\n\n\n<li data-block-type=\"core\">Las cookies de preferencias de pantalla duran un a\u00f1o.<\/li>\n\n\n\n<li data-block-type=\"core\">Al cerrar la sesi\u00f3n, se eliminan las cookies de inicio de sesi\u00f3n.<\/li>\n<\/ul>\n<\/li>\n\n\n\n<li data-block-type=\"core\">Si editas o publicas un art\u00edculo, se guardar\u00e1 una cookie adicional en tu navegador. Esta cookie no incluye datos personales y solo indica el ID de la publicaci\u00f3n del art\u00edculo. Caduca al cabo de un d\u00eda.<\/li>\n<\/ul>\n\n\n\n<h2 class=\"wp-block-heading\"><strong>5. Contenido incrustado de otros sitios web<\/strong><\/h2>\n\n\n\n<p data-block-type=\"core\">Los art\u00edculos de este sitio pueden incluir contenido incrustado (como v\u00eddeos, im\u00e1genes, art\u00edculos, etc.).<br>El contenido incrustado de otros sitios web se comporta exactamente como si el visitante hubiera accedido directamente al otro sitio.<\/p>\n\n\n\n<p data-block-type=\"core\">Estos sitios web pueden recopilar datos sobre usted, utilizar cookies, integrar seguimiento adicional de terceros y supervisar su interacci\u00f3n con el contenido incrustado, incluyendo el seguimiento de su actividad si tiene una cuenta y ha iniciado sesi\u00f3n en ese sitio web.<\/p>\n\n\n\n<h2 class=\"wp-block-heading\"><strong>6. Con qui\u00e9n compartimos sus datos<\/strong><\/h2>\n\n\n\n<p data-block-type=\"core\">Si solicita un restablecimiento de contrase\u00f1a, su direcci\u00f3n IP se incluir\u00e1 en el correo electr\u00f3nico de restablecimiento por motivos de seguridad.<\/p>\n\n\n\n<h2 class=\"wp-block-heading\"><strong>7. Cu\u00e1nto tiempo conservamos sus datos<\/strong><\/h2>\n\n\n\n<ul class=\"wp-block-list\" data-block-type=\"core\">\n<li data-block-type=\"core\">Si deja un comentario, este y sus metadatos se conservan indefinidamente. Esto nos permite reconocer y aprobar autom\u00e1ticamente los comentarios posteriores.<\/li>\n\n\n\n<li data-block-type=\"core\">De los usuarios registrados (si los hay), almacenamos la informaci\u00f3n personal proporcionada en su perfil de usuario.<\/li>\n\n\n\n<li data-block-type=\"core\">Todos los usuarios pueden ver, editar o eliminar su informaci\u00f3n personal en cualquier momento (excepto su nombre de usuario).<\/li>\n\n\n\n<li data-block-type=\"core\">Los administradores del sitio web tambi\u00e9n pueden ver y modificar dicha informaci\u00f3n.<\/li>\n<\/ul>\n\n\n\n<h2 class=\"wp-block-heading\"><strong>8. Qu\u00e9 derechos tienes sobre tus datos<\/strong><\/h2>\n\n\n\n<p data-block-type=\"core\">      Si tienes una cuenta en este sitio o has dejado comentarios, puedes solicitar:<\/p>\n\n\n\n<ul class=\"wp-block-list\" data-block-type=\"core\">\n<li data-block-type=\"core\">Una copia de los datos personales que tenemos sobre usted.<\/li>\n\n\n\n<li data-block-type=\"core\">La eliminaci\u00f3n de cualquier dato personal que tengamos.<\/li>\n\n\n\n<li data-block-type=\"core\">Esto no incluye los datos que estamos obligados a conservar por motivos legales, administrativos o de seguridad.<\/li>\n<\/ul>\n\n\n\n<hr class=\"wp-block-separator has-alpha-channel-opacity\">\n\n\n\n<h2 class=\"wp-block-heading\"><strong>9. D\u00f3nde se env\u00edan sus datos<\/strong><\/h2>\n\n\n\n<p data-block-type=\"core\">   Los comentarios de los visitantes pueden revisarse a trav\u00e9s de un servicio de detecci\u00f3n autom\u00e1tica de spam.<\/p>\n\n\n\n<p data-block-type=\"core\"><\/p>","protected":false},"excerpt":{"rendered":"<p>Pol\u00edtica de privacidad \u2013 Hoosh Panam\u00e1 En Hoosh America Panam\u00e1, nos comprometemos a proteger su privacidad. Esta pol\u00edtica explica qu\u00e9 datos personales recopilamos, c\u00f3mo los utilizamos y sus derechos al usar nuestro sitio web: https:\/\/shop.hooshamerica.com.pa. 1. Quienes somos Somos Hoosh Am\u00e9rica Panam\u00e1, y nuestra tienda en l\u00ednea se encuentra en: https:\/\/shop.hooshamerica.com.pa 2. Comentarios Cuando los [&hellip;]<\/p>","protected":false},"author":1,"featured_media":0,"parent":0,"menu_order":0,"comment_status":"closed","ping_status":"open","template":"","meta":{"_joinchat":[],"footnotes":""},"class_list":["post-3","page","type-page","status-publish","hentry"],"blocksy_meta":[],"_links":{"self":[{"href":"https:\/\/shop.hooshamerica.com.pa\/en\/wp-json\/wp\/v2\/pages\/3","targetHints":{"allow":["GET"]}}],"collection":[{"href":"https:\/\/shop.hooshamerica.com.pa\/en\/wp-json\/wp\/v2\/pages"}],"about":[{"href":"https:\/\/shop.hooshamerica.com.pa\/en\/wp-json\/wp\/v2\/types\/page"}],"author":[{"embeddable":true,"href":"https:\/\/shop.hooshamerica.com.pa\/en\/wp-json\/wp\/v2\/users\/1"}],"replies":[{"embeddable":true,"href":"https:\/\/shop.hooshamerica.com.pa\/en\/wp-json\/wp\/v2\/comments?post=3"}],"version-history":[{"count":5,"href":"https:\/\/shop.hooshamerica.com.pa\/en\/wp-json\/wp\/v2\/pages\/3\/revisions"}],"predecessor-version":[{"id":4617,"href":"https:\/\/shop.hooshamerica.com.pa\/en\/wp-json\/wp\/v2\/pages\/3\/revisions\/4617"}],"wp:attachment":[{"href":"https:\/\/shop.hooshamerica.com.pa\/en\/wp-json\/wp\/v2\/media?parent=3"}],"curies":[{"name":"wp","href":"https:\/\/api.w.org\/{rel}","templated":true}]}}