
{"id":3201,"date":"2025-06-01T01:03:53","date_gmt":"2025-06-01T01:03:53","guid":{"rendered":"https:\/\/shop.hooshamerica.com.pa\/?page_id=3201"},"modified":"2025-06-07T07:06:03","modified_gmt":"2025-06-07T07:06:03","slug":"noticias","status":"publish","type":"page","link":"https:\/\/shop.hooshamerica.com.pa\/en\/noticias\/","title":{"rendered":"News"},"content":{"rendered":"<div class=\"wp-block-stackable-columns alignfull stk-block-columns stk-block stk-e8742a3\" data-block-id=\"e8742a3\"><style>.stk-e8742a3 {margin-right:-33px !important;}@media screen and (max-width:689px){.stk-e8742a3 {margin-top:-50px !important;}}<\/style><div class=\"stk-row stk-inner-blocks stk-block-content stk-content-align stk-e8742a3-column alignfull\">\n<div class=\"wp-block-stackable-column stk-block-column stk-column stk-block stk-7e2b983\" data-v=\"4\" data-block-id=\"7e2b983\"><style>.stk-7e2b983 {padding-top:0px !important;padding-left:0px !important;}@media screen and (max-width:689px){.stk-7e2b983 {padding-top:0px !important;padding-right:0px !important;padding-bottom:0px !important;padding-left:0px !important;margin-top:-10px !important;margin-right:0px !important;margin-bottom:0px !important;margin-left:0px !important;}}<\/style><div class=\"stk-column-wrapper stk-block-column__content stk-container stk-7e2b983-container stk--no-background stk--no-padding\"><div class=\"stk-block-content stk-inner-blocks stk-7e2b983-inner-blocks\">\n<div class=\"wp-block-stackable-columns alignfull stk-block-columns stk-block stk-2b0ea27 stk-block-background stk--has-background-overlay\" data-block-id=\"2b0ea27\"><style>.stk-2b0ea27 {background-color:#000000 !important;min-height:0px !important;padding-top:250px !important;padding-right:0px !important;padding-bottom:250px !important;padding-left:0px !important;margin-top:-60px !important;margin-right:-99px !important;margin-left:-4px !important;}.stk-2b0ea27:before{background-color:#000000 !important;opacity:0.3 !important;}@media screen and (max-width:999px){.stk-2b0ea27 {padding-top:150px !important;}}@media screen and (max-width:689px){.stk-2b0ea27 {padding-top:91px !important;padding-right:91px !important;padding-bottom:91px !important;padding-left:91px !important;margin-top:0px !important;margin-right:0px !important;margin-left:0px !important;}}<\/style><div class=\"stk-row stk-inner-blocks has-text-align-center stk-block-content stk-content-align stk-2b0ea27-column alignfull\">\n<div class=\"wp-block-stackable-column stk-block-column stk-column stk-block stk-7ac51ec stk-block-background\" data-v=\"4\" data-block-id=\"7ac51ec\"><style>.stk-7ac51ec-container{margin-top:0px !important;margin-right:0px !important;margin-bottom:0px !important;margin-left:0px !important;}.stk-7ac51ec {background-color:#00000000 !important;}.stk-7ac51ec:before{background-color:#00000000 !important;}<\/style><div class=\"stk-column-wrapper stk-block-column__content stk-container stk-7ac51ec-container stk--no-background stk--no-padding\"><div class=\"stk-block-content stk-inner-blocks stk-7ac51ec-inner-blocks\"><p data-block-type=\"core\"><\/p>\n\n\n\n<div class=\"wp-block-stackable-heading stk-block-heading stk-block-heading--v2 stk-block stk-b8fedda\" id=\"noticias\" data-block-id=\"b8fedda\"><style>.stk-b8fedda {margin-bottom:0px !important;}.stk-b8fedda .stk-block-heading__text{font-size:60px !important;color:#ffffff !important;text-transform:uppercase !important;font-family:\"Space Grotesk\", Sans-serif !important;}@media screen and (max-width:999px){.stk-b8fedda .stk-block-heading__text{font-size:40px !important;}}@media screen and (max-width:689px){.stk-b8fedda .stk-block-heading__text{font-size:35px !important;}}<\/style><h2 class=\"stk-block-heading__text has-text-color has-palette-color-8-color\">News<\/h2><\/div>\n<\/div><\/div><\/div>\n<\/div><video class=\"stk-video-background\" autoplay muted loop playsinline src=\"https:\/\/shop.hooshamerica.com.pa\/wp-content\/uploads\/2025\/06\/Hoosh.mp4\" poster=\"\"><\/video><\/div>\n<\/div><\/div><\/div>\n<\/div><\/div>\n\n\n\n<div class=\"wp-block-stackable-spacer stk-block-spacer stk--no-padding stk-block stk-c4ddfb6\" data-block-id=\"c4ddfb6\"><\/div>\n\n\n\n<div class=\"wp-block-stackable-columns stk-block-columns stk-block stk-2774bbd\" data-block-id=\"2774bbd\"><style>@media screen and (max-width:689px){.stk-2774bbd {padding-left:0px !important;margin-right:21px !important;}}<\/style><div class=\"stk-row stk-inner-blocks stk-block-content stk-content-align stk-2774bbd-column\">\n<div class=\"wp-block-stackable-column stk-block-column stk-column stk-block stk-19c5ab5\" data-v=\"4\" data-block-id=\"19c5ab5\"><style>@media screen and (max-width:689px){.stk-19c5ab5 {border-top-left-radius:15px !important;border-top-right-radius:15px !important;border-bottom-right-radius:15px !important;border-bottom-left-radius:15px !important;overflow:hidden !important;padding-top:15px !important;padding-right:25px !important;padding-bottom:15px !important;padding-left:15px !important;}}<\/style><div class=\"stk-column-wrapper stk-block-column__content stk-container stk-19c5ab5-container stk--no-background stk--no-padding\"><div class=\"stk-block-content stk-inner-blocks stk-19c5ab5-inner-blocks\">\n<div class=\"wp-block-stackable-heading stk-block-heading stk-block-heading--v2 stk-block stk-cb0f753\" id=\"nuestros-tutoriales\" data-block-id=\"cb0f753\"><style>.stk-cb0f753 .stk-block-heading__text{text-transform:uppercase !important;font-family:\"Space Grotesk\", Sans-serif !important;}<\/style><h2 class=\"stk-block-heading__text has-text-align-center\">Our tutorials<\/h2><\/div>\n\n\n\n<div class=\"wp-block-stackable-text stk-block-text stk-block stk-b6566ab\" data-block-id=\"b6566ab\"><p class=\"stk-block-text__text has-text-align-center\">Learn how to get the most out of your Hoosh products. Step by step, easy and fast. Become an expert from the very first use!<\/p><\/div>\n\n\n\n<div class=\"wp-block-stackable-spacer stk-block-spacer stk--no-padding stk-block stk-ce69c9c\" data-block-id=\"ce69c9c\"><style>.stk-ce69c9c {height:0px !important;}@media screen and (max-width:689px){.stk-ce69c9c {height:50px !important;}}<\/style><\/div>\n\n\n<p data-block-type=\"core\"><div class=\"yrc-shell-cover\" data-yrc-uid=\"69e1bb2822d46\" data-yrc-channel=\"{&quot;meta&quot;:{&quot;user&quot;:&quot;Hoosh Panama&quot;,&quot;channel&quot;:&quot;UCACEUSuhd2EDuh6B1OFeZzQ&quot;,&quot;key&quot;:&quot;yrc_1748739331&quot;,&quot;apikey&quot;:&quot;AIzaSyAG2BnmmFth69LF5B-lOwBiFpnuKner7Mw&quot;,&quot;cache&quot;:&quot;1440&quot;,&quot;channel_uploads&quot;:&quot;UUACEUSuhd2EDuh6B1OFeZzQ&quot;,&quot;onlyonce&quot;:&quot;&quot;,&quot;tag&quot;:&quot;&quot;,&quot;per_page&quot;:&quot;4&quot;,&quot;maxv&quot;:&quot;100&quot;,&quot;consent&quot;:{&quot;ask&quot;:&quot;&quot;,&quot;url&quot;:&quot;&quot;},&quot;ads&quot;:&quot;1&quot;,&quot;uid&quot;:&quot;69e1bb2822d46&quot;,&quot;nocookie&quot;:&quot;&quot;},&quot;style&quot;:{&quot;colors&quot;:{&quot;item&quot;:{&quot;background&quot;:&quot;inherit&quot;},&quot;button&quot;:{&quot;background&quot;:&quot;#333&quot;,&quot;color&quot;:&quot;#fff&quot;},&quot;color&quot;:{&quot;text&quot;:&quot;#fff&quot;,&quot;link&quot;:&quot;inherit&quot;,&quot;menu&quot;:&quot;#000&quot;,&quot;meta&quot;:&quot;inherit&quot;}},&quot;theme&quot;:{&quot;videos&quot;:{&quot;style&quot;:&quot;__grid&quot;,&quot;thumb&quot;:[&quot;large&quot;,&quot;open&quot;],&quot;desc&quot;:&quot;&quot;,&quot;carousel&quot;:{&quot;thumbs&quot;:&quot;4&quot;,&quot;thumbs_to_slide&quot;:&quot;2&quot;,&quot;spacing&quot;:&quot;8&quot;},&quot;carousel_nav&quot;:{&quot;modifier&quot;:&quot;__sides&quot;,&quot;position&quot;:&quot;left-none&quot;,&quot;location&quot;:&quot;prepend&quot;,&quot;background&quot;:&quot;#fff&quot;,&quot;color&quot;:&quot;#000&quot;,&quot;font_size&quot;:&quot;2&quot;,&quot;border_radius&quot;:&quot;0&quot;}},&quot;a&quot;:&quot;1&quot;},&quot;fit&quot;:&quot;false&quot;,&quot;playlists&quot;:&quot;&quot;,&quot;uploads&quot;:&quot;true&quot;,&quot;player_mode&quot;:&quot;1&quot;,&quot;truncate&quot;:&quot;1&quot;,&quot;banner&quot;:&quot;&quot;,&quot;thumb_margin&quot;:&quot;8&quot;,&quot;play_icon&quot;:&quot;&quot;,&quot;youtube_play_icon&quot;:&quot;&quot;,&quot;thumb_image_size&quot;:&quot;medium&quot;,&quot;default_tab&quot;:&quot;uploads&quot;,&quot;sticky&quot;:{&quot;enable&quot;:&quot;&quot;,&quot;width&quot;:&quot;400&quot;,&quot;position&quot;:&quot;bottom-right&quot;,&quot;only_above&quot;:&quot;768&quot;,&quot;margin&quot;:&quot;12&quot;},&quot;player&quot;:{&quot;show_desc&quot;:&quot;&quot;,&quot;show_meta&quot;:&quot;&quot;},&quot;menu&quot;:&quot;1&quot;,&quot;rating_style&quot;:&quot;0&quot;,&quot;rtl&quot;:false}}\" data-yrc-setup=\"\"><\/div>\r\n\t\t\t<script data-cfasync=\"false\" type=\"text\/javascript\">\r\n\t\t\t\tif( !window.YRC ) var YRC = {Data:{}};\r\n\t\t\t\tYRC.Data[\"69e1bb2822d46\"] = {\"uploads\":{\"fetched_at\":1776385091,\"nextPageToken\":\"CAQQAA\",\"pageInfo\":{\"totalResults\":5,\"resultsPerPage\":4},\"items\":[{\"kind\":\"youtube#searchResult\",\"id\":\"n4oScVSgjak\",\"snippet\":{\"publishedAt\":\"2025-05-29T21:34:31Z\",\"channelId\":\"UCACEUSuhd2EDuh6B1OFeZzQ\",\"title\":\"Limpieza | Hoosh Panam\\u00e1\",\"description\":\"\\ud83e\\uddfc \\u00bfSabes c\\u00f3mo limpiar correctamente tus productos HOOSH?\\nUna buena limpieza = mejor rendimiento y m\\u00e1s durabilidad.\\nEn este reel te mostramos c\\u00f3mo mantener tu E-HEAD y accesorios limpios y listos para cada sesi\\u00f3n.\\n\\n\\u2705 Paso a paso f\\u00e1cil\\n\\u2705 Qu\\u00e9 productos usar\\n\\u2705 Tips para evitar da\\u00f1os\\n\\nCuida tu inversi\\u00f3n, mejora tu experiencia.\\n\\ud83d\\udccd Disponible en HOOSH Panam\\u00e1\\n\\ud83d\\udcf2 S\\u00edguenos para m\\u00e1s consejos y tutoriales exclusivos\\n\\n#HooshPanam\\u00e1 #LimpiezaHoosh #CuidaTuHookah #ShishaTips #ReelsPanam\\u00e1 #HookahClean #ProductosHOOSH\",\"thumbnails\":{\"default\":{\"url\":\"https:\\\/\\\/i.ytimg.com\\\/vi\\\/n4oScVSgjak\\\/default.jpg\",\"width\":120,\"height\":90},\"medium\":{\"url\":\"https:\\\/\\\/i.ytimg.com\\\/vi\\\/n4oScVSgjak\\\/mqdefault.jpg\",\"width\":320,\"height\":180},\"high\":{\"url\":\"https:\\\/\\\/i.ytimg.com\\\/vi\\\/n4oScVSgjak\\\/hqdefault.jpg\",\"width\":480,\"height\":360}},\"channelTitle\":\"Hoosh Panama\",\"liveBroadcastContent\":\"none\",\"publishTime\":\"2025-05-29T21:34:31Z\"},\"contentDetails\":{\"duration\":\"PT49S\",\"dimension\":\"2d\",\"definition\":\"sd\",\"caption\":\"false\",\"licensedContent\":false,\"contentRating\":{},\"projection\":\"rectangular\"},\"statistics\":{\"viewCount\":\"40\",\"likeCount\":\"1\",\"favoriteCount\":\"0\",\"commentCount\":\"0\"}},{\"kind\":\"youtube#searchResult\",\"id\":\"sWHLtVWRWbQ\",\"snippet\":{\"publishedAt\":\"2025-05-29T21:32:04Z\",\"channelId\":\"UCACEUSuhd2EDuh6B1OFeZzQ\",\"title\":\"Uso del E HEAD | Hoosh Panam\\u00e1\",\"description\":\"Te mostramos c\\u00f3mo usar correctamente tu E-HEAD para que disfrutes al m\\u00e1ximo tu experiencia. F\\u00e1cil, r\\u00e1pido y sin complicaciones.\\n\\n\\u2705 Encendido\\n\\u2705 Colocaci\\u00f3n\\n\\u2705 Tips para mejor rendimiento\\n\\n\\u00a1No pierdas el sabor por mal uso!\\nAprende a aprovechar al m\\u00e1ximo tu E-HEAD con esta mini gu\\u00eda visual.\\n\\n\\ud83d\\udccd Disponible en HOOSH Panam\\u00e1\\n\\ud83d\\udcf2 S\\u00edguenos para m\\u00e1s tutoriales y tips exclusivos\\n\\n#HooshPanam\\u00e1 #EHEAD #C\\u00f3moUsarlo #ShishaTips #ReelsPanam\\u00e1 #HookahLife #ProductosHOOSH\",\"thumbnails\":{\"default\":{\"url\":\"https:\\\/\\\/i.ytimg.com\\\/vi\\\/sWHLtVWRWbQ\\\/default.jpg\",\"width\":120,\"height\":90},\"medium\":{\"url\":\"https:\\\/\\\/i.ytimg.com\\\/vi\\\/sWHLtVWRWbQ\\\/mqdefault.jpg\",\"width\":320,\"height\":180},\"high\":{\"url\":\"https:\\\/\\\/i.ytimg.com\\\/vi\\\/sWHLtVWRWbQ\\\/hqdefault.jpg\",\"width\":480,\"height\":360}},\"channelTitle\":\"Hoosh Panama\",\"liveBroadcastContent\":\"none\",\"publishTime\":\"2025-05-29T21:32:04Z\"},\"contentDetails\":{\"duration\":\"PT42S\",\"dimension\":\"2d\",\"definition\":\"sd\",\"caption\":\"false\",\"licensedContent\":false,\"contentRating\":{},\"projection\":\"rectangular\"},\"statistics\":{\"viewCount\":\"26\",\"likeCount\":\"0\",\"favoriteCount\":\"0\",\"commentCount\":\"0\"}},{\"kind\":\"youtube#searchResult\",\"id\":\"0_zn70Y7beQ\",\"snippet\":{\"publishedAt\":\"2025-05-29T21:33:42Z\",\"channelId\":\"UCACEUSuhd2EDuh6B1OFeZzQ\",\"title\":\"\\u00bfPor que\\u0301 E Head? | Hoosh Panam\\u00e1\",\"description\":\"\\ud83d\\udd25 \\u00bfPor qu\\u00e9 elegir el E-HEAD de HOOSH?\\nPorque es m\\u00e1s que un accesorio: es una revoluci\\u00f3n en tu experiencia de shisha.\\n\\n\\ud83d\\udeab Sin carb\\u00f3n\\n\\ud83c\\udf2c\\ufe0f Calor limpio y controlado\\n\\ud83d\\udca8 M\\u00e1s sabor, menos humo t\\u00f3xico\\n\\ud83d\\udd0b F\\u00e1cil de usar y recargable\\n\\nEl E-HEAD es la opci\\u00f3n ideal para quienes buscan comodidad, innovaci\\u00f3n y una fumada m\\u00e1s saludable.\\n\\n\\ud83d\\udccd Disponible en HOOSH Panam\\u00e1\\n\\ud83d\\udcf2 S\\u00edguenos para conocer m\\u00e1s ventajas y c\\u00f3mo usarlo paso a paso\\n\\n#HooshPanam\\u00e1 #EHEAD #PorQu\\u00e9Elegirlo #HookahTech #ShishaPanam\\u00e1 #Innovaci\\u00f3nHookah #ProductosHOOSH\",\"thumbnails\":{\"default\":{\"url\":\"https:\\\/\\\/i.ytimg.com\\\/vi\\\/0_zn70Y7beQ\\\/default.jpg\",\"width\":120,\"height\":90},\"medium\":{\"url\":\"https:\\\/\\\/i.ytimg.com\\\/vi\\\/0_zn70Y7beQ\\\/mqdefault.jpg\",\"width\":320,\"height\":180},\"high\":{\"url\":\"https:\\\/\\\/i.ytimg.com\\\/vi\\\/0_zn70Y7beQ\\\/hqdefault.jpg\",\"width\":480,\"height\":360}},\"channelTitle\":\"Hoosh Panama\",\"liveBroadcastContent\":\"none\",\"publishTime\":\"2025-05-29T21:33:42Z\"},\"contentDetails\":{\"duration\":\"PT36S\",\"dimension\":\"2d\",\"definition\":\"sd\",\"caption\":\"false\",\"licensedContent\":false,\"contentRating\":{},\"projection\":\"rectangular\"},\"statistics\":{\"viewCount\":\"65\",\"likeCount\":\"0\",\"favoriteCount\":\"0\",\"commentCount\":\"0\"}},{\"kind\":\"youtube#searchResult\",\"id\":\"Zrt98_BfVJM\",\"snippet\":{\"publishedAt\":\"2025-05-29T21:08:13Z\",\"channelId\":\"UCACEUSuhd2EDuh6B1OFeZzQ\",\"title\":\"May 29, 2025\",\"description\":\"\",\"thumbnails\":{\"default\":{\"url\":\"https:\\\/\\\/i.ytimg.com\\\/vi\\\/Zrt98_BfVJM\\\/default.jpg\",\"width\":120,\"height\":90},\"medium\":{\"url\":\"https:\\\/\\\/i.ytimg.com\\\/vi\\\/Zrt98_BfVJM\\\/mqdefault.jpg\",\"width\":320,\"height\":180},\"high\":{\"url\":\"https:\\\/\\\/i.ytimg.com\\\/vi\\\/Zrt98_BfVJM\\\/hqdefault.jpg\",\"width\":480,\"height\":360}},\"channelTitle\":\"Hoosh Panama\",\"liveBroadcastContent\":\"none\",\"publishTime\":\"2025-05-29T21:08:13Z\"},\"contentDetails\":{\"duration\":\"PT16S\",\"dimension\":\"2d\",\"definition\":\"hd\",\"caption\":\"false\",\"licensedContent\":false,\"contentRating\":{},\"projection\":\"rectangular\"},\"statistics\":{\"viewCount\":\"50\",\"likeCount\":\"0\",\"favoriteCount\":\"0\",\"commentCount\":\"0\"}}]}};\r\n\t\t\t\t(function(){\r\n\t\t\t\t\tif(!YRC.loaded){\r\n\t\t\t\t\t    YRC.loaded = true;\r\n\t\t\t\t\t\tfunction YRC_Loader(){\r\n\t\t\t\t\t\t\t\/\/YRC.loaded = true;\r\n\t\t\t\t\t\t\tYRC.is_pro = false;\r\n\t\t\t\t\t\t\tYRC.is_pb = false;\r\n\t\t\t\t\t\t\tYRC.lang = {\"form\":{\"Videos\":\"Videos\",\"Playlists\":\"Playlists\",\"Search\":\"Search\",\"Loading\":\"Loading\",\"more\":\"more\",\"Nothing_found\":\"Nothing found\",\"Prev\":\"Previous\",\"Next\":\"Next\",\"consent_statement\":\"Allow cookies?\",\"consent_button\":\"Allow\",\"consent_privacy_policy\":\"Privacy policy\"},\"fui\":{\"sort_by\":\"Sort by\",\"relevant\":\"Relevant\",\"latest\":\"Latest\",\"liked\":\"Liked\",\"title\":\"Title\",\"views\":\"Views\",\"duration\":\"Duration\",\"any\":\"Any\",\"_short\":\"Short\",\"medium\":\"Medium\",\"_long\":\"Long\",\"uploaded\":\"Uploaded\",\"all_time\":\"All time\",\"live_now\":\"Live Now\",\"today\":\"Today\",\"ago\":\"ago\",\"last\":\"Last\",\"day\":\"day\",\"days\":\"days\",\"week\":\"week\",\"weeks\":\"weeks\",\"month\":\"month\",\"months\":\"months\",\"year\":\"year\",\"years\":\"years\",\"older\":\"Older\",\"show_more\":\"Show More\",\"show_less\":\"Show Less\",\"reply\":\"REPLY\",\"view_replies\":\"View replies\",\"write_comment\":\"Write comment...\",\"billion\":\"B\",\"million\":\"M\",\"thousand\":\"K\",\"max_plain_number\":1000,\"wplocale\":\"en_US\"}};\r\n\t\t\t\t\t\t\tYRC.is_admin = false;\r\n\t\t\t\t\t\t\tvar script = document.createElement(\"script\");\r\n\t\t\t\t\t\t\t\tscript.setAttribute(\"data-cfasync\", \"false\");\r\n\t\t\t\t\t\t\t\tscript.setAttribute(\"type\", \"text\/javascript\");\r\n\t\t\t\t\t\t\t\tscript.src = \"https:\/\/shop.hooshamerica.com.pa\/wp-content\/plugins\/yourchannel\/js\/yrc.js?1.2.9\";\r\n\t\t\t\t\t\t\t\tscript.id = \"yrc-script\";\r\n\t\t\t\t\t\t\t\tdocument.querySelector(\"head\").appendChild(script);\r\n\t\t\t\t\t\t\tvar style = document.createElement(\"link\");\r\n\t\t\t\t\t\t\t\tstyle.rel = \"stylesheet\";\r\n\t\t\t\t\t\t\t\tstyle.href = \"https:\/\/shop.hooshamerica.com.pa\/wp-content\/plugins\/yourchannel\/css\/style.css?1.2.9\";\r\n\t\t\t\t\t\t\t\tstyle.type = \"text\/css\";\r\n\t\t\t\t\t\t\t\tdocument.querySelector(\"head\").appendChild(style);\r\n\t\t\t\t\t\t}\r\n\t\t\t\t\t\tif(window.jQuery){YRC_Loader();}else { var yrctimer2324 = window.setInterval(function(){\r\n\t\t\t\t\t\t\tif(window.jQuery){YRC_Loader(); window.clearInterval(yrctimer2324); }\r\n\t\t\t\t\t\t}, 250);}\r\n\t\t\t\t\t} else {if(YRC.EM)YRC.EM.trigger(\"yrc.newchannel\");}\r\n\t\t\t\t}());<\/script><\/p>\n\n\n\n<div class=\"wp-block-stackable-spacer alignfull stk-block-spacer stk--no-padding stk-block stk-20d25af\" data-block-id=\"20d25af\"><style>.stk-20d25af {height:50px !important;}<\/style><\/div>\n\n\n\n<div class=\"wp-block-stackable-heading stk-block-heading stk-block-heading--v2 stk-block stk-72bb778\" id=\"nuestras-noticias\" data-block-id=\"72bb778\"><style>.stk-72bb778 .stk-block-heading__text{text-transform:uppercase !important;font-family:\"Space Grotesk\", Sans-serif !important;}<\/style><h2 class=\"stk-block-heading__text has-text-align-center\">Our news<\/h2><\/div>\n\n\n\n<div class=\"wp-block-stackable-text stk-block-text stk-block stk-dbc7665\" data-block-id=\"dbc7665\"><p class=\"stk-block-text__text has-text-align-center\">Stay updated with the latest from Hoosh: launches, news, promotions, and more. Always stay ahead of what's coming!<\/p><\/div>\n\n\n\n<div class=\"wp-block-stackable-spacer stk-block-spacer stk--no-padding stk-block stk-0cfc74d\" data-block-id=\"0cfc74d\"><style>.stk-0cfc74d {height:0px !important;}<\/style><\/div>\n<\/div><\/div><\/div>\n<\/div><\/div>","protected":false},"excerpt":{"rendered":"<p>Noticias Nuestros tutoriales Aprende a sacarle el m\u00e1ximo provecho a tus productos Hoosh. Paso a paso, f\u00e1cil y r\u00e1pido. \u00a1Convi\u00e9rtete en un experto desde el primer uso! Nuestras noticias Ent\u00e9rate de lo \u00faltimo en Hoosh: lanzamientos, novedades, promociones y m\u00e1s. \u00a1Mantente siempre al d\u00eda con lo que viene!<\/p>","protected":false},"author":2,"featured_media":0,"parent":0,"menu_order":0,"comment_status":"closed","ping_status":"closed","template":"","meta":{"_joinchat":[],"footnotes":""},"class_list":["post-3201","page","type-page","status-publish","hentry"],"blocksy_meta":{"has_hero_section":"disabled","styles_descriptor":{"styles":{"desktop":"","tablet":"","mobile":""},"google_fonts":[],"version":6},"page_structure_type":"default","vertical_spacing_source":"inherit","content_area_spacing":"none","content_style_source":"inherit"},"_links":{"self":[{"href":"https:\/\/shop.hooshamerica.com.pa\/en\/wp-json\/wp\/v2\/pages\/3201","targetHints":{"allow":["GET"]}}],"collection":[{"href":"https:\/\/shop.hooshamerica.com.pa\/en\/wp-json\/wp\/v2\/pages"}],"about":[{"href":"https:\/\/shop.hooshamerica.com.pa\/en\/wp-json\/wp\/v2\/types\/page"}],"author":[{"embeddable":true,"href":"https:\/\/shop.hooshamerica.com.pa\/en\/wp-json\/wp\/v2\/users\/2"}],"replies":[{"embeddable":true,"href":"https:\/\/shop.hooshamerica.com.pa\/en\/wp-json\/wp\/v2\/comments?post=3201"}],"version-history":[{"count":134,"href":"https:\/\/shop.hooshamerica.com.pa\/en\/wp-json\/wp\/v2\/pages\/3201\/revisions"}],"predecessor-version":[{"id":3828,"href":"https:\/\/shop.hooshamerica.com.pa\/en\/wp-json\/wp\/v2\/pages\/3201\/revisions\/3828"}],"wp:attachment":[{"href":"https:\/\/shop.hooshamerica.com.pa\/en\/wp-json\/wp\/v2\/media?parent=3201"}],"curies":[{"name":"wp","href":"https:\/\/api.w.org\/{rel}","templated":true}]}}