
{"id":4367,"date":"2025-07-10T15:49:13","date_gmt":"2025-07-10T20:49:13","guid":{"rendered":"https:\/\/shop.hooshamerica.com.pa\/register\/"},"modified":"2025-07-11T14:39:47","modified_gmt":"2025-07-11T19:39:47","slug":"register","status":"publish","type":"page","link":"https:\/\/shop.hooshamerica.com.pa\/en\/register\/","title":{"rendered":"Registro"},"content":{"rendered":"<p data-block-type=\"core\">\t<div class='user-registration ur-frontend-form  ur-frontend-form--rounded' id='user-registration-form-4383'>\n\t\t\t\t\t\t\t\t<form method='post' class='register' data-form-id=\"4383\"\n\t\t\t\tdata-enable-strength-password=\"\" data-minimum-password-strength=\"2\"\n\t\t\t\t\t\t\t\t\t\t\t\t\t\t\t data-captcha-enabled=\"\" action=\"\">\n\n\t\t\t\t<div class=\"ur-form-row\" data-row-id=\"0\">\t\t\t\t\t\t\t<div class=\"ur-form-grid ur-grid-1\"\n\t\t\t\t\t\t\t\tstyle=\"width:48%\">\n\t\t\t\t\t\t\t\t\t\t\t\t\t\t\t\t<div  data-field-id=\"first_name\" class=\"ur-field-item field-first_name\" data-ref-id=\"first_name\" data-field-pattern-enabled=\"0\" data-field-pattern-value=\" \" data-field-pattern-message=\" \">\n\t\t\t\t\t\t\t\t\t\t<div class=\"form-row validate-required\" id=\"first_name_field\" data-priority=\"\" ><label for=\"first_name\" class=\"ur-label\">Name <abbr class=\"required\" title=\"required\">*<\/abbr><\/label> <span class=\"input-wrapper\"> <input  data-rules=\"\" data-id=\"first_name\" type=\"text\" class=\"input-text   input-text ur-frontend-field\" name=\"first_name\" id=\"first_name\" placeholder=\"\"  value=\"\" required=\"required\" data-label=\"Nombre\" \/> <\/span> <\/div>\t\t\t\t\t\t\t\t\t<\/div>\n\t\t\t\t\t\t\t\t\t\t\t\t\t\t\t\t<\/div>\n\t\t\t\t\t\t\t\t\t\t\t\t\t\t<div class=\"ur-form-grid ur-grid-2\"\n\t\t\t\t\t\t\t\tstyle=\"width:48%\">\n\t\t\t\t\t\t\t\t\t\t\t\t\t\t\t\t<div  data-field-id=\"last_name\" class=\"ur-field-item field-last_name\" data-ref-id=\"last_name\" data-field-pattern-enabled=\"0\" data-field-pattern-value=\" \" data-field-pattern-message=\" \">\n\t\t\t\t\t\t\t\t\t\t<div class=\"form-row validate-required\" id=\"last_name_field\" data-priority=\"\" ><label for=\"last_name\" class=\"ur-label\">Last Name <abbr class=\"required\" title=\"required\">*<\/abbr><\/label> <span class=\"input-wrapper\"> <input  data-rules=\"\" data-id=\"last_name\" type=\"text\" class=\"input-text   input-text ur-frontend-field\" name=\"last_name\" id=\"last_name\" placeholder=\"\"  value=\"\" required=\"required\" data-label=\"Apellidos\" \/> <\/span> <\/div>\t\t\t\t\t\t\t\t\t<\/div>\n\t\t\t\t\t\t\t\t\t\t\t\t\t\t\t\t<\/div>\n\t\t\t\t\t\t\t\t\t\t\t\t\t<\/div>\n\t\t\t\t\t\t<div class=\"ur-form-row\" data-row-id=\"3\">\t\t\t\t\t\t\t<div class=\"ur-form-grid ur-grid-1\"\n\t\t\t\t\t\t\t\tstyle=\"width:99%\">\n\t\t\t\t\t\t\t\t\t\t\t\t\t\t\t\t<div  data-field-id=\"user_email\" class=\"ur-field-item field-user_email\" data-ref-id=\"user_email\" data-field-pattern-enabled=\"0\" data-field-pattern-value=\" \" data-field-pattern-message=\" \">\n\t\t\t\t\t\t\t\t\t\t<div class=\"form-row validate-required\" id=\"user_email_field\" data-priority=\"\" ><label for=\"user_email\" class=\"ur-label\">Email <abbr class=\"required\" title=\"required\">*<\/abbr><\/label> <span class=\"input-wrapper\"> <input  data-rules=\"\" data-id=\"user_email\" type=\"email\" class=\"input-text   input-email ur-frontend-field\" name=\"user_email\" id=\"user_email\" placeholder=\"\"  value=\"\" required=\"required\" data-label=\"Email\" \/> <\/span> <\/div>\t\t\t\t\t\t\t\t\t<\/div>\n\t\t\t\t\t\t\t\t\t\t\t\t\t\t\t\t<\/div>\n\t\t\t\t\t\t\t\t\t\t\t\t\t<\/div>\n\t\t\t\t\t\t<div class=\"ur-form-row\" data-row-id=\"1\">\t\t\t\t\t\t\t<div class=\"ur-form-grid ur-grid-1\"\n\t\t\t\t\t\t\t\tstyle=\"width:48%\">\n\t\t\t\t\t\t\t\t\t\t\t\t\t\t\t\t<div  data-field-id=\"user_pass\" class=\"ur-field-item field-user_pass\" data-ref-id=\"user_pass\" data-field-pattern-enabled=\"0\" data-field-pattern-value=\" \" data-field-pattern-message=\" \">\n\t\t\t\t\t\t\t\t\t\t<div class=\"form-row validate-required hide_show_password\" id=\"user_pass_field\" data-priority=\"\"><label for=\"user_pass\" class=\"ur-label\">Password <abbr class=\"required\" title=\"required\">*<\/abbr><\/label> <span class=\"input-wrapper\"> <span class=\"password-input-group input-form-field-icons\"><input data-rules=\"\" data-id=\"user_pass\" type=\"password\" class=\"input-text  input-password ur-frontend-field\" name=\"user_pass\" id=\"user_pass\" placeholder=\"\"  value=\"\" required=\"required\" data-label=\"Contrase\u00f1a\" \/><a href=\"javaScript:void(0)\" class=\"password_preview dashicons dashicons-hidden\" title=\" Show password \"><\/a><\/span> <\/span> <\/div>\t\t\t\t\t\t\t\t\t<\/div>\n\t\t\t\t\t\t\t\t\t\t\t\t\t\t\t\t<\/div>\n\t\t\t\t\t\t\t\t\t\t\t\t\t\t<div class=\"ur-form-grid ur-grid-2\"\n\t\t\t\t\t\t\t\tstyle=\"width:48%\">\n\t\t\t\t\t\t\t\t\t\t\t\t\t\t\t\t<div  data-field-id=\"user_confirm_password\" class=\"ur-field-item field-user_confirm_password\" data-ref-id=\"user_confirm_password\" data-field-pattern-enabled=\"0\" data-field-pattern-value=\" \" data-field-pattern-message=\" \">\n\t\t\t\t\t\t\t\t\t\t<div class=\"form-row validate-required hide_show_password\" id=\"user_confirm_password_field\" data-priority=\"\"><label for=\"user_confirm_password\" class=\"ur-label\">Confirm Password <abbr class=\"required\" title=\"required\">*<\/abbr><\/label> <span class=\"input-wrapper\"> <span class=\"password-input-group input-form-field-icons\"><input data-rules=\"\" data-id=\"user_confirm_password\" type=\"password\" class=\"input-text  input-password ur-frontend-field\" name=\"user_confirm_password\" id=\"user_confirm_password\" placeholder=\"\"  value=\"\" required=\"required\" data-label=\"Confirmar Contrase\u00f1a\" \/><a href=\"javaScript:void(0)\" class=\"password_preview dashicons dashicons-hidden\" title=\" Show password \"><\/a><\/span> <\/span> <\/div>\t\t\t\t\t\t\t\t\t<\/div>\n\t\t\t\t\t\t\t\t\t\t\t\t\t\t\t\t<\/div>\n\t\t\t\t\t\t\t\t\t\t\t\t\t<\/div>\n\t\t\t\t\t\t<div class=\"ur-form-row\" data-row-id=\"2\">\t\t\t\t\t\t\t<div class=\"ur-form-grid ur-grid-1\"\n\t\t\t\t\t\t\t\tstyle=\"width:99%\">\n\t\t\t\t\t\t\t\t\t\t\t\t\t\t\t\t<div  data-field-id=\"privacy_policy_1752261300\" class=\"ur-field-item field-privacy_policy\" data-ref-id=\"privacy_policy_1752261300\" data-field-pattern-enabled=\"0\" data-field-pattern-value=\" \" data-field-pattern-message=\" \">\n\t\t\t\t\t\t\t\t\t\t<div class=\"form-row validate-required\" id=\"privacy_policy_1752261300_field\" data-priority=\"\" ><label class=\"ur-label checkbox\" required=\"required\" data-label=\"Pol\u00edtica de privacidad\">\n\t\t\t\t\t\t\t<input data-rules=\"\" data-id=\"privacy_policy_1752261300\" required=\"required\" data-label=\"Pol\u00edtica de privacidad\" data-value=\"\" type=\"checkbox\" class=\"input-checkbox ur-frontend-field\" name=\"privacy_policy_1752261300\" id=\"privacy_policy_1752261300\" value=\"1\"  \/> Privacy Policy <abbr class=\"required\" title=\"required\">*<\/abbr><\/label><span class=\"description\">Acepto las Pol\u00edticas de Privacidad y los <a href='https:\/\/shop.hooshamerica.com.pa\/en\/terminos-y-condiciones\/' target='_blank'>T\u00e9rminos y Condiciones<\/a>.\n<\/span><\/div>\t\t\t\t\t\t\t\t\t<\/div>\n\t\t\t\t\t\t\t\t\t\t\t\t\t\t\t\t\t\t<div  data-field-id=\"newsletter_check\" class=\"ur-field-item field-checkbox\" data-ref-id=\"newsletter_check\" data-field-pattern-enabled=\"0\" data-field-pattern-value=\" \" data-field-pattern-message=\" \">\n\t\t\t\t\t\t\t\t\t\t<div class=\"form-row\" id=\"newsletter_check_field\" data-priority=\"\" ><label class=\"ur-label\" data-label=\"\u00bfTe gustar\u00eda recibir informaci\u00f3n sobre nuestras pr\u00f3ximas ofertas y noticias por correo electr\u00f3nico?\">Would you like to receive information about our upcoming offers and news by email?<\/label><ul ><li class=\"ur-checkbox-list\"><input data-rules=\"\" data-id=\"newsletter_check[]\" data-label=\"\u00bfTe gustar\u00eda recibir informaci\u00f3n sobre nuestras pr\u00f3ximas ofertas y noticias por correo electr\u00f3nico?\" data-value=\"S\u00ed\" type=\"checkbox\" class=\"input-checkbox ur-frontend-field\" name=\"newsletter_check[]\" id=\"newsletter_check_S\u00ed\" value=\"S\u00ed\" \/><label class=\"ur-checkbox-label\" for=\"newsletter_check_S\u00ed\">Yes<\/label> <\/li><\/ul><\/div>\t\t\t\t\t\t\t\t\t<\/div>\n\t\t\t\t\t\t\t\t\t\t\t\t\t\t\t\t<\/div>\n\t\t\t\t\t\t\t\t\t\t\t\t\t<\/div>\n\t\t\t\t\t\t\t\t\t\t\t\t\t\t\t\t\t\t<div class=\"ur-button-container\" >\n\t\t\t\t\t\t\t\t\t\t\t\t\t\t<button type=\"submit\" class=\"btn button ur-submit-button\"  conditional_rules=\"&quot;&quot;\">\n\t\t\t\t\t\t\t\t<span><\/span>\n\t\t\t\t\t\t\t\tSubmit\t\t\t\t\t\t\t<\/button>\n\t\t\t\t\t\t\t\t\t\t\t\t\t\t\t\t\t\t\t\t<\/div>\n\t\t\t\t\t\t\n\t\t\t\t<div style=\"clear:both\"><\/div>\n\t\t\t\t\t\t\t\t<input type=\"hidden\" name=\"ur-registration-language\" value=\"en-US\"\/>\n\t\t\t\t<input type=\"hidden\" name=\"ur-user-form-id\" value=\"4383\"\/>\n\t\t\t\t<input type=\"hidden\" name=\"ur-redirect-url\" value=\"https:\/\/shop.hooshamerica.com.pa\/en\/login\/\"\/>\n\t\t\t\t<input type=\"hidden\" id=\"ur_frontend_form_nonce\" name=\"ur_frontend_form_nonce\" value=\"a947065d0a\" \/>\n\t\t\t\t\n\t\t\t<input type=\"hidden\" name=\"trp-form-language\" value=\"en\"\/><\/form>\n\t\t\t\n\t\t<div style=\"clear:both\"><\/div>\n\t<\/div>\n\n<\/p>\n\n\n\n<p data-block-type=\"core\"><\/p>","protected":false},"excerpt":{"rendered":"","protected":false},"author":1,"featured_media":0,"parent":0,"menu_order":0,"comment_status":"closed","ping_status":"closed","template":"","meta":{"_joinchat":[],"footnotes":""},"class_list":["post-4367","page","type-page","status-publish","hentry"],"blocksy_meta":[],"_links":{"self":[{"href":"https:\/\/shop.hooshamerica.com.pa\/en\/wp-json\/wp\/v2\/pages\/4367","targetHints":{"allow":["GET"]}}],"collection":[{"href":"https:\/\/shop.hooshamerica.com.pa\/en\/wp-json\/wp\/v2\/pages"}],"about":[{"href":"https:\/\/shop.hooshamerica.com.pa\/en\/wp-json\/wp\/v2\/types\/page"}],"author":[{"embeddable":true,"href":"https:\/\/shop.hooshamerica.com.pa\/en\/wp-json\/wp\/v2\/users\/1"}],"replies":[{"embeddable":true,"href":"https:\/\/shop.hooshamerica.com.pa\/en\/wp-json\/wp\/v2\/comments?post=4367"}],"version-history":[{"count":1,"href":"https:\/\/shop.hooshamerica.com.pa\/en\/wp-json\/wp\/v2\/pages\/4367\/revisions"}],"predecessor-version":[{"id":4384,"href":"https:\/\/shop.hooshamerica.com.pa\/en\/wp-json\/wp\/v2\/pages\/4367\/revisions\/4384"}],"wp:attachment":[{"href":"https:\/\/shop.hooshamerica.com.pa\/en\/wp-json\/wp\/v2\/media?parent=4367"}],"curies":[{"name":"wp","href":"https:\/\/api.w.org\/{rel}","templated":true}]}}