
{"id":4167,"date":"2025-06-11T12:12:11","date_gmt":"2025-06-11T12:12:11","guid":{"rendered":"https:\/\/shop.hooshamerica.com.pa\/?post_type=product&#038;p=4167"},"modified":"2025-07-01T08:29:43","modified_gmt":"2025-07-01T13:29:43","slug":"apple","status":"publish","type":"product","link":"https:\/\/shop.hooshamerica.com.pa\/en\/product\/apple\/","title":{"rendered":"APPLE 2MG NICOTINE"},"content":{"rendered":"<p>La dulzura cl\u00e1sica siempre es popular. El sabor suave de manzana es una opci\u00f3n f\u00e1cil. Este dispositivo viene precargado con 2 ml de e-l\u00edquido con sabor a nicotina salada y se presenta como una unidad desechable sin mantenimiento.<\/p>","protected":false},"excerpt":{"rendered":"<p>La dulzura cl\u00e1sica siempre es popular. El sabor suave de manzana es una opci\u00f3n f\u00e1cil. Este dispositivo viene precargado con 2 ml de e-l\u00edquido con sabor a nicotina salada y se presenta como una unidad desechable sin mantenimiento.<\/p>","protected":false},"featured_media":4168,"comment_status":"open","ping_status":"closed","template":"","meta":{"_joinchat":[]},"product_brand":[],"product_cat":[45],"product_tag":[30],"class_list":{"0":"post-4167","1":"product","2":"type-product","3":"status-publish","4":"has-post-thumbnail","6":"product_cat-disposable","7":"product_tag-nicotina","9":"first","10":"outofstock","11":"taxable","12":"shipping-taxable","13":"product-type-simple"},"_links":{"self":[{"href":"https:\/\/shop.hooshamerica.com.pa\/en\/wp-json\/wp\/v2\/product\/4167","targetHints":{"allow":["GET"]}}],"collection":[{"href":"https:\/\/shop.hooshamerica.com.pa\/en\/wp-json\/wp\/v2\/product"}],"about":[{"href":"https:\/\/shop.hooshamerica.com.pa\/en\/wp-json\/wp\/v2\/types\/product"}],"replies":[{"embeddable":true,"href":"https:\/\/shop.hooshamerica.com.pa\/en\/wp-json\/wp\/v2\/comments?post=4167"}],"wp:featuredmedia":[{"embeddable":true,"href":"https:\/\/shop.hooshamerica.com.pa\/en\/wp-json\/wp\/v2\/media\/4168"}],"wp:attachment":[{"href":"https:\/\/shop.hooshamerica.com.pa\/en\/wp-json\/wp\/v2\/media?parent=4167"}],"wp:term":[{"taxonomy":"product_brand","embeddable":true,"href":"https:\/\/shop.hooshamerica.com.pa\/en\/wp-json\/wp\/v2\/product_brand?post=4167"},{"taxonomy":"product_cat","embeddable":true,"href":"https:\/\/shop.hooshamerica.com.pa\/en\/wp-json\/wp\/v2\/product_cat?post=4167"},{"taxonomy":"product_tag","embeddable":true,"href":"https:\/\/shop.hooshamerica.com.pa\/en\/wp-json\/wp\/v2\/product_tag?post=4167"}],"curies":[{"name":"wp","href":"https:\/\/api.w.org\/{rel}","templated":true}]}}