
{"id":4731,"date":"2025-12-03T20:04:57","date_gmt":"2025-12-04T01:04:57","guid":{"rendered":"https:\/\/shop.hooshamerica.com.pa\/?post_type=product&#038;p=4731"},"modified":"2026-01-07T10:02:49","modified_gmt":"2026-01-07T15:02:49","slug":"hooka-50000-arabian-nights-3mg","status":"publish","type":"product","link":"https:\/\/shop.hooshamerica.com.pa\/en\/product\/hooka-50000-arabian-nights-3mg\/","title":{"rendered":"HOOKA 50000 Arabian Nights 3MG"},"content":{"rendered":"<p>Vaper con bater\u00eda recargable y con pantalla con indicador de bater\u00eda y de e-l\u00edquido. Modo turbo &amp; Eco. Capacidad del tanque 40 mL. Bateria de 1400mAh. Contenido de nicotina 3mg\/mL<br \/>\nSabor fuerte y fresco de mel\u00f3n, mango dulce, frutos del bosque y un toque de menta.<\/p>","protected":false},"excerpt":{"rendered":"<p>Vaper con bater\u00eda recargable y con pantalla con indicador de bater\u00eda y de e-l\u00edquido. Modo turbo &amp; Eco. Capacidad del tanque 40 mL. Bateria de 1400mAh. Contenido de nicotina 3mg\/mL<br \/>\nSabor fuerte y fresco de mel\u00f3n, mango dulce, frutos del bosque y un toque de menta.<\/p>","protected":false},"featured_media":4737,"comment_status":"open","ping_status":"closed","template":"","meta":{"_joinchat":[]},"product_brand":[],"product_cat":[46],"product_tag":[],"class_list":{"0":"post-4731","1":"product","2":"type-product","3":"status-publish","4":"has-post-thumbnail","6":"product_cat-hookah-50-000","8":"first","9":"instock","10":"taxable","11":"shipping-taxable","12":"purchasable","13":"product-type-simple"},"_links":{"self":[{"href":"https:\/\/shop.hooshamerica.com.pa\/en\/wp-json\/wp\/v2\/product\/4731","targetHints":{"allow":["GET"]}}],"collection":[{"href":"https:\/\/shop.hooshamerica.com.pa\/en\/wp-json\/wp\/v2\/product"}],"about":[{"href":"https:\/\/shop.hooshamerica.com.pa\/en\/wp-json\/wp\/v2\/types\/product"}],"replies":[{"embeddable":true,"href":"https:\/\/shop.hooshamerica.com.pa\/en\/wp-json\/wp\/v2\/comments?post=4731"}],"wp:featuredmedia":[{"embeddable":true,"href":"https:\/\/shop.hooshamerica.com.pa\/en\/wp-json\/wp\/v2\/media\/4737"}],"wp:attachment":[{"href":"https:\/\/shop.hooshamerica.com.pa\/en\/wp-json\/wp\/v2\/media?parent=4731"}],"wp:term":[{"taxonomy":"product_brand","embeddable":true,"href":"https:\/\/shop.hooshamerica.com.pa\/en\/wp-json\/wp\/v2\/product_brand?post=4731"},{"taxonomy":"product_cat","embeddable":true,"href":"https:\/\/shop.hooshamerica.com.pa\/en\/wp-json\/wp\/v2\/product_cat?post=4731"},{"taxonomy":"product_tag","embeddable":true,"href":"https:\/\/shop.hooshamerica.com.pa\/en\/wp-json\/wp\/v2\/product_tag?post=4731"}],"curies":[{"name":"wp","href":"https:\/\/api.w.org\/{rel}","templated":true}]}}