
{"id":4738,"date":"2025-12-03T20:10:21","date_gmt":"2025-12-04T01:10:21","guid":{"rendered":"https:\/\/shop.hooshamerica.com.pa\/?post_type=product&#038;p=4738"},"modified":"2026-03-31T14:36:19","modified_gmt":"2026-03-31T19:36:19","slug":"hooka-50000-blue-glacier-3mg","status":"publish","type":"product","link":"https:\/\/shop.hooshamerica.com.pa\/en\/product\/hooka-50000-blue-glacier-3mg\/","title":{"rendered":"HOOKA 50000 Blu Glacier 3MG"},"content":{"rendered":"<p>Vaper con bater\u00eda recargable y con pantalla con indicador de bater\u00eda y de e-l\u00edquido. Modo turbo &amp; Eco. Capacidad del tanque 40 mL. Bateria de 1400mAh. Contenido de nicotina 3mg\/mL<br \/>\nElaborado con ar\u00e1ndanos dulces, y un fuerte tono de hielo.<\/p>","protected":false},"excerpt":{"rendered":"<p>Vape Hooka recargable con indicador de bater\u00eda y consumo. Modo turbo &amp; Eco. 40ml\/ 3mg\/ml de nicotina.<\/p>\n<p>Elaborado con ar\u00e1ndanos dulces, y un fuerte tono de hielo.<\/p>","protected":false},"featured_media":4743,"comment_status":"open","ping_status":"closed","template":"","meta":{"_joinchat":[]},"product_brand":[],"product_cat":[46],"product_tag":[],"class_list":{"0":"post-4738","1":"product","2":"type-product","3":"status-publish","4":"has-post-thumbnail","6":"product_cat-hookah-50-000","8":"first","9":"instock","10":"taxable","11":"shipping-taxable","12":"purchasable","13":"product-type-simple"},"_links":{"self":[{"href":"https:\/\/shop.hooshamerica.com.pa\/en\/wp-json\/wp\/v2\/product\/4738","targetHints":{"allow":["GET"]}}],"collection":[{"href":"https:\/\/shop.hooshamerica.com.pa\/en\/wp-json\/wp\/v2\/product"}],"about":[{"href":"https:\/\/shop.hooshamerica.com.pa\/en\/wp-json\/wp\/v2\/types\/product"}],"replies":[{"embeddable":true,"href":"https:\/\/shop.hooshamerica.com.pa\/en\/wp-json\/wp\/v2\/comments?post=4738"}],"wp:featuredmedia":[{"embeddable":true,"href":"https:\/\/shop.hooshamerica.com.pa\/en\/wp-json\/wp\/v2\/media\/4743"}],"wp:attachment":[{"href":"https:\/\/shop.hooshamerica.com.pa\/en\/wp-json\/wp\/v2\/media?parent=4738"}],"wp:term":[{"taxonomy":"product_brand","embeddable":true,"href":"https:\/\/shop.hooshamerica.com.pa\/en\/wp-json\/wp\/v2\/product_brand?post=4738"},{"taxonomy":"product_cat","embeddable":true,"href":"https:\/\/shop.hooshamerica.com.pa\/en\/wp-json\/wp\/v2\/product_cat?post=4738"},{"taxonomy":"product_tag","embeddable":true,"href":"https:\/\/shop.hooshamerica.com.pa\/en\/wp-json\/wp\/v2\/product_tag?post=4738"}],"curies":[{"name":"wp","href":"https:\/\/api.w.org\/{rel}","templated":true}]}}